{"id":78,"date":"2022-03-10T10:26:21","date_gmt":"2022-03-10T09:26:21","guid":{"rendered":"http:\/\/www.wp.cuisine-lucullus.com\/?page_id=78"},"modified":"2022-04-05T10:11:53","modified_gmt":"2022-04-05T08:11:53","slug":"fiches-pratiques","status":"publish","type":"page","link":"https:\/\/www.wp.cuisine-lucullus.com\/index.php\/accueil\/fiches-pratiques\/","title":{"rendered":"Fiches pratiques"},"content":{"rendered":"\n<ul class=\"wp-block-list\"><li><a rel=\"noreferrer noopener\" href=\"http:\/\/www.wp.cuisine-lucullus.com\/index.php\/2022\/03\/10\/Assaisonnement-des-charcuteries\/\" target=\"_blank\">Assaisonnement des charcuteries<\/a><\/li><li><a rel=\"noreferrer noopener\" href=\"http:\/\/www.wp.cuisine-lucullus.com\/index.php\/2022\/03\/12\/Choisir-ses-oeufs\/\" target=\"_blank\">Choisir ses \u0153ufs<\/a><\/li><li><a rel=\"noreferrer noopener\" href=\"http:\/\/www.wp.cuisine-lucullus.com\/index.php\/2022\/03\/15\/la-cuisson-des-asperges\/\" target=\"_blank\">Cuisson des asperges<\/a><\/li><li><a rel=\"noreferrer noopener\" href=\"http:\/\/www.wp.cuisine-lucullus.com\/index.php\/2022\/03\/12\/Cuisson-des-pates\/\" target=\"_blank\">Cuisson des p\u00e2tes<\/a><\/li><li><a rel=\"noreferrer noopener\" href=\"http:\/\/www.wp.cuisine-lucullus.com\/index.php\/2022\/03\/15\/la-cuissons-des-poissons\/\" target=\"_blank\">Cuisson des poissons<\/a><\/li><li><a rel=\"noreferrer noopener\" href=\"http:\/\/www.wp.cuisine-lucullus.com\/index.php\/2022\/03\/15\/la-decoupe-des-legumes\/\" target=\"_blank\">D\u00e9coupe des l\u00e9gumes<\/a><\/li><li><a rel=\"noreferrer noopener\" href=\"http:\/\/www.wp.cuisine-lucullus.com\/index.php\/2022\/03\/20\/generalites-sur-les-fromages\/\" target=\"_blank\">G\u00e9n\u00e9ralit\u00e9s sur les fromages<\/a><\/li><li><a rel=\"noreferrer noopener\" href=\"http:\/\/www.wp.cuisine-lucullus.com\/index.php\/2022\/03\/15\/la-denomination-des-bouteilles\/\" target=\"_blank\">Le nom des bouteilles<\/a><\/li><li><a rel=\"noreferrer noopener\" href=\"http:\/\/www.wp.cuisine-lucullus.com\/index.php\/2022\/03\/15\/les-morceaux-de-viande\/\" target=\"_blank\">Les morceaux de viande<\/a><\/li><li><a rel=\"noreferrer noopener\" href=\"http:\/\/www.wp.cuisine-lucullus.com\/index.php\/2022\/04\/04\/plantes-aromatiques-epices-et-condiments\/\" target=\"_blank\">Plantes aromatiques, \u00e9pices et condiments<\/a><\/li><li><a rel=\"noreferrer noopener\" href=\"http:\/\/www.wp.cuisine-lucullus.com\/index.php\/2022\/03\/24\/questions-sur-la-preparation-des-confitures\/\" target=\"_blank\">Questions sur la pr\u00e9paration des confitures<\/a><\/li><li><a rel=\"noreferrer noopener\" href=\"http:\/\/www.wp.cuisine-lucullus.com\/index.php\/2022\/03\/15\/le-reglage-du-four\/\" target=\"_blank\">R\u00e9glage du four<\/a><\/li><\/ul>\n\n\n\n<p><\/p>\n\n\n\n<figure class=\"wp-block-table is-style-regular\"><table><tbody><tr><td><a rel=\"noreferrer noopener\" href=\"http:\/\/www.wp.cuisine-lucullus.com\/index.php\/2022\/03\/10\/Assaisonnement-des-charcuteries\/\" target=\"_blank\"><\/a><a rel=\"noreferrer noopener\" href=\"http:\/\/www.wp.cuisine-lucullus.com\/index.php\/2022\/03\/10\/Assaisonnement-des-charcuteries\/\" target=\"_blank\">Assaisonnement des charcuteries<\/a><\/td><td><a rel=\"noreferrer noopener\" href=\"http:\/\/www.wp.cuisine-lucullus.com\/index.php\/2022\/03\/12\/Choisir-ses-oeufs\/\" target=\"_blank\">Choisir ses \u0153ufs<\/a><\/td><td><a rel=\"noreferrer noopener\" href=\"http:\/\/www.wp.cuisine-lucullus.com\/index.php\/2022\/03\/15\/la-cuisson-des-asperges\/\" target=\"_blank\">Cuisson des asperges<\/a><\/td><\/tr><tr><td><a rel=\"noreferrer noopener\" href=\"http:\/\/www.wp.cuisine-lucullus.com\/index.php\/2022\/03\/12\/Cuisson-des-pates\/\" target=\"_blank\">Cuisson des p\u00e2tes<\/a><\/td><td><a rel=\"noreferrer noopener\" href=\"http:\/\/www.wp.cuisine-lucullus.com\/index.php\/2022\/03\/15\/la-cuissons-des-poissons\/\" target=\"_blank\">Cuisson des poissons<\/a><\/td><td><a rel=\"noreferrer noopener\" href=\"http:\/\/www.wp.cuisine-lucullus.com\/index.php\/2022\/03\/15\/la-decoupe-des-legumes\/\" target=\"_blank\">D\u00e9coupe des l\u00e9gumes<\/a><\/td><\/tr><tr><td><a rel=\"noreferrer noopener\" href=\"http:\/\/www.wp.cuisine-lucullus.com\/index.php\/2022\/03\/20\/generalites-sur-les-fromages\/\" target=\"_blank\">G\u00e9n\u00e9ralit\u00e9s sur les fromages<\/a><\/td><td><a rel=\"noreferrer noopener\" href=\"http:\/\/www.wp.cuisine-lucullus.com\/index.php\/2022\/03\/15\/la-denomination-des-bouteilles\/\" target=\"_blank\">Le nom des bouteilles<\/a><\/td><td><a rel=\"noreferrer noopener\" href=\"http:\/\/www.wp.cuisine-lucullus.com\/index.php\/2022\/03\/15\/les-morceaux-de-viande\/\" target=\"_blank\">Les morceaux de viande<\/a><\/td><\/tr><tr><td><a rel=\"noreferrer noopener\" href=\"http:\/\/www.wp.cuisine-lucullus.com\/index.php\/2022\/04\/04\/plantes-aromatiques-epices-et-condiments\/\" target=\"_blank\">Plantes aromatiques, \u00e9pices et condiments<\/a><\/td><td><a rel=\"noreferrer noopener\" href=\"http:\/\/www.wp.cuisine-lucullus.com\/index.php\/2022\/03\/24\/questions-sur-la-preparation-des-confitures\/\" target=\"_blank\">Questions sur la pr\u00e9paration des confitures<\/a><\/td><td><a rel=\"noreferrer noopener\" href=\"http:\/\/www.wp.cuisine-lucullus.com\/index.php\/2022\/03\/15\/le-reglage-du-four\/\" target=\"_blank\">R\u00e9glage du four<\/a><\/td><\/tr><\/tbody><\/table><\/figure>\n\n\n\n<p><\/p>\n","protected":false},"excerpt":{"rendered":"<p>Assaisonnement des charcuteries Choisir ses \u0153ufs Cuisson des asperges Cuisson des p\u00e2tes Cuisson des poissons D\u00e9coupe des l\u00e9gumes G\u00e9n\u00e9ralit\u00e9s sur les fromages Le nom des bouteilles Les morceaux de viande Plantes aromatiques, \u00e9pices et condiments Questions sur la pr\u00e9paration des &hellip; <a href=\"https:\/\/www.wp.cuisine-lucullus.com\/index.php\/accueil\/fiches-pratiques\/\">Continued<\/a><\/p>\n","protected":false},"author":1,"featured_media":0,"parent":73,"menu_order":0,"comment_status":"closed","ping_status":"closed","template":"","meta":{"kt_blocks_editor_width":"","footnotes":""},"class_list":["post-78","page","type-page","status-publish","hentry"],"jetpack_sharing_enabled":true,"_links":{"self":[{"href":"https:\/\/www.wp.cuisine-lucullus.com\/index.php\/wp-json\/wp\/v2\/pages\/78","targetHints":{"allow":["GET"]}}],"collection":[{"href":"https:\/\/www.wp.cuisine-lucullus.com\/index.php\/wp-json\/wp\/v2\/pages"}],"about":[{"href":"https:\/\/www.wp.cuisine-lucullus.com\/index.php\/wp-json\/wp\/v2\/types\/page"}],"author":[{"embeddable":true,"href":"https:\/\/www.wp.cuisine-lucullus.com\/index.php\/wp-json\/wp\/v2\/users\/1"}],"replies":[{"embeddable":true,"href":"https:\/\/www.wp.cuisine-lucullus.com\/index.php\/wp-json\/wp\/v2\/comments?post=78"}],"version-history":[{"count":42,"href":"https:\/\/www.wp.cuisine-lucullus.com\/index.php\/wp-json\/wp\/v2\/pages\/78\/revisions"}],"predecessor-version":[{"id":2770,"href":"https:\/\/www.wp.cuisine-lucullus.com\/index.php\/wp-json\/wp\/v2\/pages\/78\/revisions\/2770"}],"up":[{"embeddable":true,"href":"https:\/\/www.wp.cuisine-lucullus.com\/index.php\/wp-json\/wp\/v2\/pages\/73"}],"wp:attachment":[{"href":"https:\/\/www.wp.cuisine-lucullus.com\/index.php\/wp-json\/wp\/v2\/media?parent=78"}],"curies":[{"name":"wp","href":"https:\/\/api.w.org\/{rel}","templated":true}]}}