{"id":73,"date":"2022-03-09T19:21:14","date_gmt":"2022-03-09T18:21:14","guid":{"rendered":"http:\/\/www.wp.cuisine-lucullus.com\/?page_id=73"},"modified":"2022-04-22T15:42:52","modified_gmt":"2022-04-22T13:42:52","slug":"accueil","status":"publish","type":"page","link":"https:\/\/www.wp.cuisine-lucullus.com\/","title":{"rendered":"Accueil"},"content":{"rendered":"<ul class=\"wp-block-latest-posts__list wp-block-latest-posts\"><li><a class=\"wp-block-latest-posts__post-title\" href=\"https:\/\/www.wp.cuisine-lucullus.com\/index.php\/2022\/04\/25\/les-chroniques-de-lucullus-n613\/\">Les Chroniques de Lucullus n\u00b0613<\/a><div class=\"wp-block-latest-posts__post-excerpt\">Amis gourmands bonjour, Plus de tournesol en France pour 2022 Le 15 avril dernier, Sophie Guyomard a \u00e9crit un article sur le sujet pour le site Terre-net. En France, la superficie devrait atteindre 780.000 hectares pour les semis 2022 selon la F\u00e9d\u00e9ration Fran\u00e7aise des Producteurs d&#8217;Ol\u00e9agineux et de Prot\u00e9agineux (Fop). C\u2019est une hausse importante si &hellip; <a href=\"https:\/\/www.wp.cuisine-lucullus.com\/index.php\/2022\/04\/25\/les-chroniques-de-lucullus-n613\/\">Continued<\/a><\/div><\/li>\n<li><a class=\"wp-block-latest-posts__post-title\" href=\"https:\/\/www.wp.cuisine-lucullus.com\/index.php\/2022\/04\/10\/les-chroniques-de-lucullus-n612\/\">Les Chroniques de Lucullus n\u00b0612<\/a><div class=\"wp-block-latest-posts__post-excerpt\">La pr\u00e9servation des terroirs fromagers C\u2019est dans la nature des choses d\u2019\u00e9voluer ou de dispara\u00eetre. C\u2019est ce qui est arriv\u00e9 au Persill\u00e9 de Valloire, un vieux fromage de Savoie. Au cours du XX\u00e8me si\u00e8cle il a disparu. Les derniers anciens \u00e0 le fabriquer sont partis sans laisser la recette qui se transmettait oralement. Rien ne &hellip; <a href=\"https:\/\/www.wp.cuisine-lucullus.com\/index.php\/2022\/04\/10\/les-chroniques-de-lucullus-n612\/\">Continued<\/a><\/div><\/li>\n<li><a class=\"wp-block-latest-posts__post-title\" href=\"https:\/\/www.wp.cuisine-lucullus.com\/index.php\/2022\/03\/28\/les-chroniques-de-lucullus-n611\/\">Les Chroniques de Lucullus n\u00b0611<\/a><div class=\"wp-block-latest-posts__post-excerpt\">Amis gourmands bonjour, L\u2019ADEPALE entre en campagne et veut EGALIM3 Face \u00e0 la flamb\u00e9e des mati\u00e8res premi\u00e8res, des emballages et de l\u2019\u00e9nergie, l\u2019Association Des Entreprises de Produits Alimentaires Elabor\u00e9s pr\u00e9sente aux candidats \u00e0 la fonction pr\u00e9sidentielle, un catalogue de 16 propositions pour faire avancer les choses. Alors que se terminent les n\u00e9gociations commerciales, l\u2019association regroupant &hellip; <a href=\"https:\/\/www.wp.cuisine-lucullus.com\/index.php\/2022\/03\/28\/les-chroniques-de-lucullus-n611\/\">Continued<\/a><\/div><\/li>\n<li><a class=\"wp-block-latest-posts__post-title\" href=\"https:\/\/www.wp.cuisine-lucullus.com\/index.php\/2022\/03\/09\/les-chroniques-de-lucullus-n610\/\">Les Chroniques de Lucullus n\u00b0610<\/a><div class=\"wp-block-latest-posts__post-excerpt\">Amis gourmands bonjour, En pr\u00e9ambule \u00e0 cette Chronique je voudrais dire mon soutien au peuple ukrainien face \u00e0 l\u2019agression russe. J\u2019avais commenc\u00e9 la r\u00e9daction de cette chronique avant le d\u00e9clenchement de l\u2019offensive russe, d\u2019o\u00f9 les deux premiers points abord\u00e9s. Le champignon de Paris c\u2019est bon J\u2019aime bien les champignons et notamment le champignon de Paris &hellip; <a href=\"https:\/\/www.wp.cuisine-lucullus.com\/index.php\/2022\/03\/09\/les-chroniques-de-lucullus-n610\/\">Continued<\/a><\/div><\/li>\n<li><a class=\"wp-block-latest-posts__post-title\" href=\"https:\/\/www.wp.cuisine-lucullus.com\/index.php\/2022\/02\/15\/les-chroniques-de-lucullus-n609\/\">Les Chroniques de Lucullus n\u00b0609<\/a><div class=\"wp-block-latest-posts__post-excerpt\">Amis gourmands bonjour Les producteurs d\u2019endives en difficult\u00e9 &#8220;Mangez, mangez des endives&#8221; c\u2019est ce que disent les producteurs endiviers du Nord-Pas-de-Calais et il faut les soutenir. Comme je le disais dans la Chronique pr\u00e9c\u00e9dente, l\u2019endive est un l\u00e9gume sain et peu cher, alors mangez-en&nbsp;! La hausse du prix de l\u2019\u00e9nergie et la baisse de consommation &hellip; <a href=\"https:\/\/www.wp.cuisine-lucullus.com\/index.php\/2022\/02\/15\/les-chroniques-de-lucullus-n609\/\">Continued<\/a><\/div><\/li>\n<\/ul>\n\n\n<p><\/p>\n","protected":false},"excerpt":{"rendered":"","protected":false},"author":1,"featured_media":0,"parent":0,"menu_order":0,"comment_status":"closed","ping_status":"closed","template":"","meta":{"kt_blocks_editor_width":"","footnotes":""},"class_list":["post-73","page","type-page","status-publish","hentry"],"jetpack_sharing_enabled":true,"_links":{"self":[{"href":"https:\/\/www.wp.cuisine-lucullus.com\/index.php\/wp-json\/wp\/v2\/pages\/73","targetHints":{"allow":["GET"]}}],"collection":[{"href":"https:\/\/www.wp.cuisine-lucullus.com\/index.php\/wp-json\/wp\/v2\/pages"}],"about":[{"href":"https:\/\/www.wp.cuisine-lucullus.com\/index.php\/wp-json\/wp\/v2\/types\/page"}],"author":[{"embeddable":true,"href":"https:\/\/www.wp.cuisine-lucullus.com\/index.php\/wp-json\/wp\/v2\/users\/1"}],"replies":[{"embeddable":true,"href":"https:\/\/www.wp.cuisine-lucullus.com\/index.php\/wp-json\/wp\/v2\/comments?post=73"}],"version-history":[{"count":9,"href":"https:\/\/www.wp.cuisine-lucullus.com\/index.php\/wp-json\/wp\/v2\/pages\/73\/revisions"}],"predecessor-version":[{"id":8484,"href":"https:\/\/www.wp.cuisine-lucullus.com\/index.php\/wp-json\/wp\/v2\/pages\/73\/revisions\/8484"}],"wp:attachment":[{"href":"https:\/\/www.wp.cuisine-lucullus.com\/index.php\/wp-json\/wp\/v2\/media?parent=73"}],"curies":[{"name":"wp","href":"https:\/\/api.w.org\/{rel}","templated":true}]}}