{"id":355,"date":"2022-03-15T16:16:08","date_gmt":"2022-03-15T15:16:08","guid":{"rendered":"http:\/\/www.wp.cuisine-lucullus.com\/?page_id=355"},"modified":"2022-04-05T12:49:27","modified_gmt":"2022-04-05T10:49:27","slug":"histoire-des-cuisiniers-et-de-leurs-plats","status":"publish","type":"page","link":"https:\/\/www.wp.cuisine-lucullus.com\/index.php\/accueil\/histoire-des-cuisiniers-et-de-leurs-plats\/","title":{"rendered":"Histoire des cuisines"},"content":{"rendered":"\n<ul class=\"wp-block-list\"><li><a href=\"http:\/\/www.wp.cuisine-lucullus.com\/index.php\/2022\/03\/29\/chef-test\/\">Les grand chefs et autres personnage c\u00e9l\u00e8bres<\/a><\/li><li><a href=\"http:\/\/www.wp.cuisine-lucullus.com\/index.php\/2022\/03\/21\/les-plats-celebres\/\">Une petite histoire des plats c\u00e9l\u00e8bres ou incontournables<\/a><\/li><li>D&#8217;o\u00f9 viennent les fruits et l\u00e9gumes que nous consommons.<\/li><\/ul>\n\n\n\n<p><\/p>\n","protected":false},"excerpt":{"rendered":"<p>Les grand chefs et autres personnage c\u00e9l\u00e8bres Une petite histoire des plats c\u00e9l\u00e8bres ou incontournables D&#8217;o\u00f9 viennent les fruits et l\u00e9gumes que nous consommons.<\/p>\n","protected":false},"author":1,"featured_media":0,"parent":73,"menu_order":0,"comment_status":"closed","ping_status":"closed","template":"","meta":{"kt_blocks_editor_width":"","footnotes":""},"class_list":["post-355","page","type-page","status-publish","hentry"],"jetpack_sharing_enabled":true,"_links":{"self":[{"href":"https:\/\/www.wp.cuisine-lucullus.com\/index.php\/wp-json\/wp\/v2\/pages\/355","targetHints":{"allow":["GET"]}}],"collection":[{"href":"https:\/\/www.wp.cuisine-lucullus.com\/index.php\/wp-json\/wp\/v2\/pages"}],"about":[{"href":"https:\/\/www.wp.cuisine-lucullus.com\/index.php\/wp-json\/wp\/v2\/types\/page"}],"author":[{"embeddable":true,"href":"https:\/\/www.wp.cuisine-lucullus.com\/index.php\/wp-json\/wp\/v2\/users\/1"}],"replies":[{"embeddable":true,"href":"https:\/\/www.wp.cuisine-lucullus.com\/index.php\/wp-json\/wp\/v2\/comments?post=355"}],"version-history":[{"count":13,"href":"https:\/\/www.wp.cuisine-lucullus.com\/index.php\/wp-json\/wp\/v2\/pages\/355\/revisions"}],"predecessor-version":[{"id":2270,"href":"https:\/\/www.wp.cuisine-lucullus.com\/index.php\/wp-json\/wp\/v2\/pages\/355\/revisions\/2270"}],"up":[{"embeddable":true,"href":"https:\/\/www.wp.cuisine-lucullus.com\/index.php\/wp-json\/wp\/v2\/pages\/73"}],"wp:attachment":[{"href":"https:\/\/www.wp.cuisine-lucullus.com\/index.php\/wp-json\/wp\/v2\/media?parent=355"}],"curies":[{"name":"wp","href":"https:\/\/api.w.org\/{rel}","templated":true}]}}