{"id":125,"date":"2022-03-12T12:59:04","date_gmt":"2022-03-12T11:59:04","guid":{"rendered":"http:\/\/www.wp.cuisine-lucullus.com\/?page_id=125"},"modified":"2022-04-25T14:26:21","modified_gmt":"2022-04-25T12:26:21","slug":"chronique-p","status":"publish","type":"page","link":"https:\/\/www.wp.cuisine-lucullus.com\/index.php\/chronique-p\/","title":{"rendered":"Les Chroniques de Lucullus"},"content":{"rendered":"\n<ul class=\"wp-block-list\"><li><a href=\"http:\/\/www.wp.cuisine-lucullus.com\/index.php\/2022\/04\/25\/les-chroniques-de-lucullus-n613\/\"><strong>N\u00b0613<\/strong><\/a><br>Plus de tournesol en France pour 2022<br>Pr\u00e9visions 2022, de la Commission europ\u00e9enne pour le march\u00e9 de la viande et du lait<br>Connaissez vous Fromagora\u00a0?<br>Consommations alimentaires : quelles tendances dans le monde ?<\/li><li><a rel=\"noreferrer noopener\" href=\"http:\/\/www.wp.cuisine-lucullus.com\/index.php\/2022\/04\/10\/les-chroniques-de-lucullus-n612\/\" target=\"_blank\"><strong>N\u00b0612<\/strong><\/a><br>La pr\u00e9servation des terroirs fromagers<br>L\u2019\u00e9leveur au grand coeur<br>Le terrible effet du gel sur les vignes.<br>De l\u2019utilit\u00e9 des haies<\/li><li><strong><a rel=\"noreferrer noopener\" href=\"http:\/\/www.wp.cuisine-lucullus.com\/index.php\/2022\/03\/28\/les-chroniques-de-lucullus-n611\/\" target=\"_blank\">N\u00b0611<\/a><\/strong><br>L\u2019ADEPALE entre en campagne et veut EGALIM3<br>INRAE et l\u2019Agence Bio signent leur premier accord-cadre<br>Fin des tickets de caisse papier<\/li><li><strong><a rel=\"noreferrer noopener\" href=\"http:\/\/www.wp.cuisine-lucullus.com\/index.php\/2022\/03\/09\/les-chroniques-de-lucullus-n610\/\" target=\"_blank\">N\u00b0610<\/a><\/strong><br>Les Champignons de Paris c&#8217;est bon<br>Grippe aviaire, l&#8217;h\u00e9catombe<br>Les marches agricoles s&#8217;affolent<\/li><li><strong><a rel=\"noreferrer noopener\" href=\"http:\/\/www.wp.cuisine-lucullus.com\/index.php\/2022\/02\/15\/les-chroniques-de-lucullus-n609\/\" target=\"_blank\">N\u00b0609<\/a><\/strong><br>Lutter contre le gaspillage alimentaire<br>Accompagner la dynamique des AOP et IGP laiti\u00e8res<br>M\u00e9dicaments verts<br>Une petite br\u00e8ve pour terminer cette Chronique<\/li><\/ul>\n\n\n\n<p><\/p>\n\n\n\n<p><\/p>\n","protected":false},"excerpt":{"rendered":"<p>N\u00b0613Plus de tournesol en France pour 2022Pr\u00e9visions 2022, de la Commission europ\u00e9enne pour le march\u00e9 de la viande et du laitConnaissez vous Fromagora\u00a0?Consommations alimentaires : quelles tendances dans le monde ? N\u00b0612La pr\u00e9servation des terroirs fromagersL\u2019\u00e9leveur au grand coeurLe terrible &hellip; <a href=\"https:\/\/www.wp.cuisine-lucullus.com\/index.php\/chronique-p\/\">Continued<\/a><\/p>\n","protected":false},"author":1,"featured_media":0,"parent":0,"menu_order":0,"comment_status":"closed","ping_status":"closed","template":"","meta":{"kt_blocks_editor_width":"","footnotes":""},"class_list":["post-125","page","type-page","status-publish","hentry"],"jetpack_sharing_enabled":true,"_links":{"self":[{"href":"https:\/\/www.wp.cuisine-lucullus.com\/index.php\/wp-json\/wp\/v2\/pages\/125","targetHints":{"allow":["GET"]}}],"collection":[{"href":"https:\/\/www.wp.cuisine-lucullus.com\/index.php\/wp-json\/wp\/v2\/pages"}],"about":[{"href":"https:\/\/www.wp.cuisine-lucullus.com\/index.php\/wp-json\/wp\/v2\/types\/page"}],"author":[{"embeddable":true,"href":"https:\/\/www.wp.cuisine-lucullus.com\/index.php\/wp-json\/wp\/v2\/users\/1"}],"replies":[{"embeddable":true,"href":"https:\/\/www.wp.cuisine-lucullus.com\/index.php\/wp-json\/wp\/v2\/comments?post=125"}],"version-history":[{"count":21,"href":"https:\/\/www.wp.cuisine-lucullus.com\/index.php\/wp-json\/wp\/v2\/pages\/125\/revisions"}],"predecessor-version":[{"id":8496,"href":"https:\/\/www.wp.cuisine-lucullus.com\/index.php\/wp-json\/wp\/v2\/pages\/125\/revisions\/8496"}],"wp:attachment":[{"href":"https:\/\/www.wp.cuisine-lucullus.com\/index.php\/wp-json\/wp\/v2\/media?parent=125"}],"curies":[{"name":"wp","href":"https:\/\/api.w.org\/{rel}","templated":true}]}}